{"id":2064,"date":"2026-03-10T05:14:42","date_gmt":"2026-03-10T05:14:42","guid":{"rendered":"https:\/\/tyrixtechnologies.com\/terms-of-service\/"},"modified":"2026-04-02T03:11:33","modified_gmt":"2026-04-02T03:11:33","slug":"terms-of-service","status":"publish","type":"page","link":"https:\/\/www.tyrixtechnologies.com\/es\/terms-of-service\/","title":{"rendered":"T\u00e9rminos de Servicio"},"content":{"rendered":"<div data-elementor-type=\"wp-page\" data-elementor-id=\"2064\" class=\"elementor elementor-2064\">\n\t\t\t\t<div class=\"elementor-element elementor-element-43e98fb e-flex e-con-boxed e-con e-parent\" data-id=\"43e98fb\" data-element_type=\"container\" data-e-type=\"container\">\n\t\t\t\t\t<div class=\"e-con-inner\">\n\t\t\t\t<div class=\"elementor-element elementor-element-e0d23e9 elementor-widget elementor-widget-html\" data-id=\"e0d23e9\" data-element_type=\"widget\" data-e-type=\"widget\" data-widget_type=\"html.default\">\n\t\t\t\t\t<style>\r\n.tx-legal { max-width: 800px; margin: 0 auto; padding: 60px 24px; font-family: 'Open Sans', sans-serif; color: #1A2333; line-height: 1.8; }\r\n.tx-legal h1 { font-family: 'Montserrat', sans-serif; font-size: 2rem; font-weight: 900; color: #122740; margin-bottom: 8px; }\r\n.tx-legal .tx-legal-date { font-size: 0.82rem; color: #7A8FA6; margin-bottom: 40px; display: block; }\r\n.tx-legal h2 { font-family: 'Montserrat', sans-serif; font-size: 1rem; font-weight: 800; text-transform: uppercase; color: #122740; margin: 36px 0 12px; letter-spacing: 1px; }\r\n.tx-legal p { margin-bottom: 16px; font-size: 0.93rem; color: #3D4F63; }\r\n.tx-legal a { color: #E8621A; text-decoration: none; }\r\n.tx-legal a:hover { text-decoration: underline; }\r\n.tx-legal ul { padding-left: 20px; margin-bottom: 16px; }\r\n.tx-legal ul li { font-size: 0.93rem; color: #3D4F63; margin-bottom: 6px; }\r\n<\/style>\r\n\r\n<div class=\"tx-legal\">\r\n  <h1>T\u00e9rminos de Servicio<\/h1>\r\n  <span class=\"tx-legal-date\">Fecha de vigencia: 10 de marzo de 2026<\/span>\r\n\r\n  <p>Estos T\u00e9rminos de Servicio (\"T\u00e9rminos\") rigen el uso del sitio web ubicado en <a href=\"https:\/\/www.tyrixtechnologies.com\/es\/\">tyrixtechnologies.com<\/a>, operado por Tyrix Technologies LLC (\"Tyrix\", \"nosotros\" o \"nuestro\"). Al acceder a este sitio web, aceptas estos T\u00e9rminos.<\/p>\r\n\r\n  <h2>1. Uso de Este Sitio Web<\/h2>\r\n  <p>Este sitio web se proporciona con fines informativos y para facilitar el contacto con Tyrix Technologies LLC en relaci\u00f3n con servicios de consultor\u00eda de TI e infraestructura. Aceptas utilizar este sitio web \u00fanicamente con fines legales y de manera que no infrinja los derechos de terceros.<\/p>\r\n\r\n  <h2>2. Servicios<\/h2>\r\n  <p>La informaci\u00f3n en este sitio web describe la naturaleza general de los servicios ofrecidos por Tyrix Technologies LLC. Enviar un formulario de contacto o solicitar una evaluaci\u00f3n no constituye un contrato vinculante. Todos los acuerdos de servicio se formalizan mediante una propuesta y acuerdo escrito por separado.<\/p>\r\n\r\n  <h2>3. Sin Garant\u00edas<\/h2>\r\n  <p>Este sitio web y su contenido se proporcionan \"tal cual\" sin garant\u00edas de ning\u00fan tipo, expresas o impl\u00edcitas. No garantizamos que el sitio web sea ininterrumpido, libre de errores o libre de virus u otros componentes da\u00f1inos.<\/p>\r\n\r\n  <h2>4. Limitaci\u00f3n de Responsabilidad<\/h2>\r\n  <p>En la medida m\u00e1xima permitida por la ley, Tyrix Technologies LLC no ser\u00e1 responsable por da\u00f1os indirectos, incidentales, especiales o consecuentes que surjan del uso de este sitio web o de la confianza en cualquier informaci\u00f3n presentada en \u00e9l.<\/p>\r\n\r\n  <h2>5. Propiedad Intelectual<\/h2>\r\n  <p>Todo el contenido de este sitio web \u2014 incluyendo textos, gr\u00e1ficos, logotipos e im\u00e1genes \u2014 es propiedad de Tyrix Technologies LLC y est\u00e1 protegido por las leyes de propiedad intelectual aplicables. No puedes reproducir ni distribuir ning\u00fan contenido sin permiso previo por escrito.<\/p>\r\n\r\n  <h2>6. Enlaces a Terceros<\/h2>\r\n  <p>Este sitio web puede contener enlaces a sitios web de terceros. Estos enlaces se proporcionan \u00fanicamente por conveniencia. Tyrix Technologies LLC no tiene control ni asume responsabilidad alguna por el contenido o las pr\u00e1cticas de sitios de terceros.<\/p>\r\n\r\n  <h2>7. Ley Aplicable<\/h2>\r\n  <p>Estos T\u00e9rminos se rigen por las leyes del Estado de Nueva Jersey, sin considerar sus disposiciones sobre conflictos de leyes. Cualquier disputa que surja bajo estos T\u00e9rminos estar\u00e1 sujeta a la jurisdicci\u00f3n exclusiva de los tribunales ubicados en Nueva Jersey.<\/p>\r\n\r\n  <h2>8. Cambios a Estos T\u00e9rminos<\/h2>\r\n  <p>Nos reservamos el derecho de actualizar estos T\u00e9rminos en cualquier momento. Los cambios se publicar\u00e1n en esta p\u00e1gina con una fecha de vigencia actualizada. El uso continuado del sitio web despu\u00e9s de los cambios constituye la aceptaci\u00f3n de los T\u00e9rminos revisados.<\/p>\r\n\r\n  <h2>9. Cont\u00e1ctenos<\/h2>\r\n  <p>Si tienes preguntas sobre estos T\u00e9rminos, cont\u00e1ctanos en:<\/p>\r\n  <p><strong>Tyrix Technologies LLC<\/strong><br>\r\n  Flanders, NJ<br>\r\n  Email: <a href=\"mailto:info@tyrixtechnologies.com\">info@tyrixtechnologies.com<\/a><br>\r\n  Tel\u00e9fono: <a href=\"tel:+19733178805\">(973) 317-8805<\/a><\/p>\r\n<\/div>\t\t\t\t<\/div>\n\t\t\t\t\t<\/div>\n\t\t\t\t<\/div>\n\t\t\t\t<\/div>","protected":false},"excerpt":{"rendered":"<p>Terms of Service Effective Date: March 10, 2026 These Terms of Service (&#8220;Terms&#8221;) govern your use of the website located at tyrixtechnologies.com, operated by Tyrix Technologies LLC (&#8220;Tyrix,&#8221; &#8220;we,&#8221; &#8220;us,&#8221; or &#8220;our&#8221;). By accessing this website, you agree to these Terms. 1. Use of This Website This website is provided for informational purposes and to [&hellip;]<\/p>\n","protected":false},"author":1,"featured_media":0,"parent":0,"menu_order":0,"comment_status":"closed","ping_status":"closed","template":"","meta":{"site-sidebar-layout":"no-sidebar","site-content-layout":"page-builder","ast-site-content-layout":"full-width-container","site-content-style":"default","site-sidebar-style":"default","ast-global-header-display":"","ast-banner-title-visibility":"disabled","ast-main-header-display":"","ast-hfb-above-header-display":"","ast-hfb-below-header-display":"","ast-hfb-mobile-header-display":"","site-post-title":"disabled","ast-breadcrumbs-content":"","ast-featured-img":"disabled","footer-sml-layout":"disabled","ast-disable-related-posts":"","theme-transparent-header-meta":"","adv-header-id-meta":"","stick-header-meta":"","header-above-stick-meta":"","header-main-stick-meta":"","header-below-stick-meta":"","astra-migrate-meta-layouts":"set","ast-page-background-enabled":"default","ast-page-background-meta":{"desktop":{"background-color":"","background-image":"","background-repeat":"repeat","background-position":"center center","background-size":"auto","background-attachment":"scroll","background-type":"","background-media":"","overlay-type":"","overlay-color":"","overlay-opacity":"","overlay-gradient":""},"tablet":{"background-color":"","background-image":"","background-repeat":"repeat","background-position":"center center","background-size":"auto","background-attachment":"scroll","background-type":"","background-media":"","overlay-type":"","overlay-color":"","overlay-opacity":"","overlay-gradient":""},"mobile":{"background-color":"","background-image":"","background-repeat":"repeat","background-position":"center center","background-size":"auto","background-attachment":"scroll","background-type":"","background-media":"","overlay-type":"","overlay-color":"","overlay-opacity":"","overlay-gradient":""}},"ast-content-background-meta":{"desktop":{"background-color":"var(--ast-global-color-5)","background-image":"","background-repeat":"repeat","background-position":"center center","background-size":"auto","background-attachment":"scroll","background-type":"","background-media":"","overlay-type":"","overlay-color":"","overlay-opacity":"","overlay-gradient":""},"tablet":{"background-color":"var(--ast-global-color-5)","background-image":"","background-repeat":"repeat","background-position":"center center","background-size":"auto","background-attachment":"scroll","background-type":"","background-media":"","overlay-type":"","overlay-color":"","overlay-opacity":"","overlay-gradient":""},"mobile":{"background-color":"var(--ast-global-color-5)","background-image":"","background-repeat":"repeat","background-position":"center center","background-size":"auto","background-attachment":"scroll","background-type":"","background-media":"","overlay-type":"","overlay-color":"","overlay-opacity":"","overlay-gradient":""}},"footnotes":""},"class_list":["post-2064","page","type-page","status-publish","hentry"],"yoast_head":"<!-- This site is optimized with the Yoast SEO plugin v27.3 - https:\/\/yoast.com\/product\/yoast-seo-wordpress\/ -->\n<title>Terms of Service - Tyrix Technologies LLC<\/title>\n<meta name=\"robots\" content=\"noindex, follow\" \/>\n<meta property=\"og:locale\" content=\"es_ES\" \/>\n<meta property=\"og:type\" content=\"article\" \/>\n<meta property=\"og:title\" content=\"Terms of Service - Tyrix Technologies LLC\" \/>\n<meta property=\"og:description\" content=\"Terms of Service Effective Date: March 10, 2026 These Terms of Service (&#8220;Terms&#8221;) govern your use of the website located at tyrixtechnologies.com, operated by Tyrix Technologies LLC (&#8220;Tyrix,&#8221; &#8220;we,&#8221; &#8220;us,&#8221; or &#8220;our&#8221;). By accessing this website, you agree to these Terms. 1. Use of This Website This website is provided for informational purposes and to [&hellip;]\" \/>\n<meta property=\"og:url\" content=\"https:\/\/www.tyrixtechnologies.com\/es\/terms-of-service\/\" \/>\n<meta property=\"og:site_name\" content=\"Tyrix Technologies LLC\" \/>\n<meta property=\"article:modified_time\" content=\"2026-04-02T03:11:33+00:00\" \/>\n<meta name=\"twitter:card\" content=\"summary_large_image\" \/>\n<meta name=\"twitter:label1\" content=\"Tiempo estimado de lectura\" \/>\n\t<meta name=\"twitter:data1\" content=\"2 minutos\" \/>\n<script type=\"application\/ld+json\" class=\"yoast-schema-graph\">{\"@context\":\"https:\\\/\\\/schema.org\",\"@graph\":[{\"@type\":\"WebPage\",\"@id\":\"https:\\\/\\\/www.tyrixtechnologies.com\\\/terms-of-service\\\/\",\"url\":\"https:\\\/\\\/www.tyrixtechnologies.com\\\/terms-of-service\\\/\",\"name\":\"Terms of Service - Tyrix Technologies LLC\",\"isPartOf\":{\"@id\":\"https:\\\/\\\/www.tyrixtechnologies.com\\\/#website\"},\"datePublished\":\"2026-03-10T05:14:42+00:00\",\"dateModified\":\"2026-04-02T03:11:33+00:00\",\"breadcrumb\":{\"@id\":\"https:\\\/\\\/www.tyrixtechnologies.com\\\/terms-of-service\\\/#breadcrumb\"},\"inLanguage\":\"es\",\"potentialAction\":[{\"@type\":\"ReadAction\",\"target\":[\"https:\\\/\\\/www.tyrixtechnologies.com\\\/terms-of-service\\\/\"]}]},{\"@type\":\"BreadcrumbList\",\"@id\":\"https:\\\/\\\/www.tyrixtechnologies.com\\\/terms-of-service\\\/#breadcrumb\",\"itemListElement\":[{\"@type\":\"ListItem\",\"position\":1,\"name\":\"Home\",\"item\":\"https:\\\/\\\/www.tyrixtechnologies.com\\\/\"},{\"@type\":\"ListItem\",\"position\":2,\"name\":\"Terms of Service\"}]},{\"@type\":\"WebSite\",\"@id\":\"https:\\\/\\\/www.tyrixtechnologies.com\\\/#website\",\"url\":\"https:\\\/\\\/www.tyrixtechnologies.com\\\/\",\"name\":\"Tyrix Technologies | IT Consulting & Infrastructure \u00b7 Flanders, NJ\",\"description\":\"IT Consulting NJ\",\"publisher\":{\"@id\":\"https:\\\/\\\/www.tyrixtechnologies.com\\\/#organization\"},\"potentialAction\":[{\"@type\":\"SearchAction\",\"target\":{\"@type\":\"EntryPoint\",\"urlTemplate\":\"https:\\\/\\\/www.tyrixtechnologies.com\\\/?s={search_term_string}\"},\"query-input\":{\"@type\":\"PropertyValueSpecification\",\"valueRequired\":true,\"valueName\":\"search_term_string\"}}],\"inLanguage\":\"es\"},{\"@type\":\"Organization\",\"@id\":\"https:\\\/\\\/www.tyrixtechnologies.com\\\/#organization\",\"name\":\"Tyrix Technologies LLC\",\"url\":\"https:\\\/\\\/www.tyrixtechnologies.com\\\/\",\"logo\":{\"@type\":\"ImageObject\",\"inLanguage\":\"es\",\"@id\":\"https:\\\/\\\/www.tyrixtechnologies.com\\\/#\\\/schema\\\/logo\\\/image\\\/\",\"url\":\"https:\\\/\\\/tyrixtechnologies.com\\\/wp-content\\\/uploads\\\/2025\\\/05\\\/Tyrix_Technologies_Logo_Transparent-e1748050103270.png\",\"contentUrl\":\"https:\\\/\\\/tyrixtechnologies.com\\\/wp-content\\\/uploads\\\/2025\\\/05\\\/Tyrix_Technologies_Logo_Transparent-e1748050103270.png\",\"width\":420,\"height\":420,\"caption\":\"Tyrix Technologies LLC\"},\"image\":{\"@id\":\"https:\\\/\\\/www.tyrixtechnologies.com\\\/#\\\/schema\\\/logo\\\/image\\\/\"}}]}<\/script>\n<!-- \/ Yoast SEO plugin. -->","yoast_head_json":{"title":"Terms of Service - Tyrix Technologies LLC","robots":{"index":"noindex","follow":"follow"},"og_locale":"es_ES","og_type":"article","og_title":"Terms of Service - Tyrix Technologies LLC","og_description":"Terms of Service Effective Date: March 10, 2026 These Terms of Service (&#8220;Terms&#8221;) govern your use of the website located at tyrixtechnologies.com, operated by Tyrix Technologies LLC (&#8220;Tyrix,&#8221; &#8220;we,&#8221; &#8220;us,&#8221; or &#8220;our&#8221;). By accessing this website, you agree to these Terms. 1. Use of This Website This website is provided for informational purposes and to [&hellip;]","og_url":"https:\/\/www.tyrixtechnologies.com\/es\/terms-of-service\/","og_site_name":"Tyrix Technologies LLC","article_modified_time":"2026-04-02T03:11:33+00:00","twitter_card":"summary_large_image","twitter_misc":{"Tiempo estimado de lectura":"2 minutos"},"schema":{"@context":"https:\/\/schema.org","@graph":[{"@type":"WebPage","@id":"https:\/\/www.tyrixtechnologies.com\/terms-of-service\/","url":"https:\/\/www.tyrixtechnologies.com\/terms-of-service\/","name":"Terms of Service - Tyrix Technologies LLC","isPartOf":{"@id":"https:\/\/www.tyrixtechnologies.com\/#website"},"datePublished":"2026-03-10T05:14:42+00:00","dateModified":"2026-04-02T03:11:33+00:00","breadcrumb":{"@id":"https:\/\/www.tyrixtechnologies.com\/terms-of-service\/#breadcrumb"},"inLanguage":"es","potentialAction":[{"@type":"ReadAction","target":["https:\/\/www.tyrixtechnologies.com\/terms-of-service\/"]}]},{"@type":"BreadcrumbList","@id":"https:\/\/www.tyrixtechnologies.com\/terms-of-service\/#breadcrumb","itemListElement":[{"@type":"ListItem","position":1,"name":"Home","item":"https:\/\/www.tyrixtechnologies.com\/"},{"@type":"ListItem","position":2,"name":"Terms of Service"}]},{"@type":"WebSite","@id":"https:\/\/www.tyrixtechnologies.com\/#website","url":"https:\/\/www.tyrixtechnologies.com\/","name":"Tyrix Technologies | IT Consulting & Infrastructure \u00b7 Flanders, NJ","description":"IT Consulting NJ","publisher":{"@id":"https:\/\/www.tyrixtechnologies.com\/#organization"},"potentialAction":[{"@type":"SearchAction","target":{"@type":"EntryPoint","urlTemplate":"https:\/\/www.tyrixtechnologies.com\/?s={search_term_string}"},"query-input":{"@type":"PropertyValueSpecification","valueRequired":true,"valueName":"search_term_string"}}],"inLanguage":"es"},{"@type":"Organization","@id":"https:\/\/www.tyrixtechnologies.com\/#organization","name":"Tyrix Technologies LLC","url":"https:\/\/www.tyrixtechnologies.com\/","logo":{"@type":"ImageObject","inLanguage":"es","@id":"https:\/\/www.tyrixtechnologies.com\/#\/schema\/logo\/image\/","url":"https:\/\/tyrixtechnologies.com\/wp-content\/uploads\/2025\/05\/Tyrix_Technologies_Logo_Transparent-e1748050103270.png","contentUrl":"https:\/\/tyrixtechnologies.com\/wp-content\/uploads\/2025\/05\/Tyrix_Technologies_Logo_Transparent-e1748050103270.png","width":420,"height":420,"caption":"Tyrix Technologies LLC"},"image":{"@id":"https:\/\/www.tyrixtechnologies.com\/#\/schema\/logo\/image\/"}}]}},"_links":{"self":[{"href":"https:\/\/www.tyrixtechnologies.com\/es\/wp-json\/wp\/v2\/pages\/2064","targetHints":{"allow":["GET"]}}],"collection":[{"href":"https:\/\/www.tyrixtechnologies.com\/es\/wp-json\/wp\/v2\/pages"}],"about":[{"href":"https:\/\/www.tyrixtechnologies.com\/es\/wp-json\/wp\/v2\/types\/page"}],"author":[{"embeddable":true,"href":"https:\/\/www.tyrixtechnologies.com\/es\/wp-json\/wp\/v2\/users\/1"}],"replies":[{"embeddable":true,"href":"https:\/\/www.tyrixtechnologies.com\/es\/wp-json\/wp\/v2\/comments?post=2064"}],"version-history":[{"count":15,"href":"https:\/\/www.tyrixtechnologies.com\/es\/wp-json\/wp\/v2\/pages\/2064\/revisions"}],"predecessor-version":[{"id":2192,"href":"https:\/\/www.tyrixtechnologies.com\/es\/wp-json\/wp\/v2\/pages\/2064\/revisions\/2192"}],"wp:attachment":[{"href":"https:\/\/www.tyrixtechnologies.com\/es\/wp-json\/wp\/v2\/media?parent=2064"}],"curies":[{"name":"wp","href":"https:\/\/api.w.org\/{rel}","templated":true}]}}